{"id":258,"date":"2018-01-22T10:17:40","date_gmt":"2018-01-22T14:17:40","guid":{"rendered":"http:\/\/ayuntamiento.o\/transparencia\/?page_id=258"},"modified":"2025-03-19T10:50:20","modified_gmt":"2025-03-19T14:50:20","slug":"responsable-de-acceso-a-la-informacion","status":"publish","type":"page","link":"https:\/\/distritocaleta.gob.do\/transparencia\/responsable-de-acceso-a-la-informacion\/","title":{"rendered":"Responsable de Acceso a la Informaci\u00f3n"},"content":{"rendered":"<p class=\"paragraph ng-attr-widget\">Beltina Alt. Garcia Guerrero<br \/>\n<em><strong>Responsable de Acceso a la Informaci\u00f3n (RAI)<\/strong><\/em><br \/>\nTel\u00e9fono: (849) 516-2000<br \/>\nCorreo electr\u00f3nico: <a href=\"mailto:Jdmcaletaromana.oai@gmail.com\">Jdmcaletaromana.oai@gmail.com<\/a><\/p>\n<p class=\"paragraph ng-attr-widget\">\n","protected":false},"excerpt":{"rendered":"Beltina Alt. Garcia Guerrero Responsable de Acceso a la Informaci\u00f3n (RAI) Tel\u00e9fono: (849) 516-2000 Correo electr\u00f3nico: Jdmcaletaromana.oai@gmail.com","protected":false},"author":3,"featured_media":0,"parent":0,"menu_order":0,"comment_status":"closed","ping_status":"closed","template":"","meta":[],"acf":[],"_links":{"self":[{"href":"https:\/\/distritocaleta.gob.do\/transparencia\/wp-json\/wp\/v2\/pages\/258"}],"collection":[{"href":"https:\/\/distritocaleta.gob.do\/transparencia\/wp-json\/wp\/v2\/pages"}],"about":[{"href":"https:\/\/distritocaleta.gob.do\/transparencia\/wp-json\/wp\/v2\/types\/page"}],"author":[{"embeddable":true,"href":"https:\/\/distritocaleta.gob.do\/transparencia\/wp-json\/wp\/v2\/users\/3"}],"replies":[{"embeddable":true,"href":"https:\/\/distritocaleta.gob.do\/transparencia\/wp-json\/wp\/v2\/comments?post=258"}],"version-history":[{"count":2,"href":"https:\/\/distritocaleta.gob.do\/transparencia\/wp-json\/wp\/v2\/pages\/258\/revisions"}],"predecessor-version":[{"id":436,"href":"https:\/\/distritocaleta.gob.do\/transparencia\/wp-json\/wp\/v2\/pages\/258\/revisions\/436"}],"wp:attachment":[{"href":"https:\/\/distritocaleta.gob.do\/transparencia\/wp-json\/wp\/v2\/media?parent=258"}],"curies":[{"name":"wp","href":"https:\/\/api.w.org\/{rel}","templated":true}]}}